{"id":1000,"date":"2011-02-16T23:54:31","date_gmt":"2011-02-16T21:54:31","guid":{"rendered":"http:\/\/www.casaorchidea.it\/?page_id=1000"},"modified":"2025-06-16T23:14:18","modified_gmt":"2025-06-16T21:14:18","slug":"ferienwohnung-torri-del-benaco-gardasee","status":"publish","type":"page","link":"https:\/\/www.casaorchidea.it\/de\/","title":{"rendered":"Casa Orchidea &#8211; Home"},"content":{"rendered":"<div class=\"wpb-content-wrapper\"><p>[vc_row css=&#8220;.vc_custom_1426164508415{margin-top: -40px !important;margin-right: -40px !important;margin-left: -40px !important;padding-top: 20px !important;padding-right: 20px !important;padding-bottom: 20px !important;padding-left: 20px !important;background-color: #dff1f1 !important;}&#8220;][vc_column][vc_column_text]<\/p>\n\n<p>[\/vc_column_text][\/vc_column][\/vc_row][vc_row css=&#8220;.vc_custom_1426702557652{padding-top: 30px !important;padding-right: 30px !important;padding-bottom: 0px !important;padding-left: 30px !important;background-position: center !important;background-repeat: no-repeat !important;background-size: cover !important;}&#8220;][vc_column width=&#8220;1\/2&#8243;][vc_column_text css=&#8220;&#8220;]<\/p>\n<p>&#8222;Casa Orchidea&#8220; (Haus Orchidea) liegt in Torri del Benaco in ruhiger Lage, mitten im Dorf, aber entfernt genug vom Verkehr der &#8222;Via Gardesana Orientale&#8220;, der \u00f6stlichen Hauptstrasse des Gardasees.<\/p>\n<p>Das Auto bleibt stehen, der Urlaub kann beginnen.<\/p>\n<p>Das Haus verf\u00fcgt \u00fcber 9 gut eingerichtete Ferienwohnungen die eine komfortable Unterkunft f\u00fcr kleine u. grosse Familien bieten, um einen sch\u00f6nen u. angenehmen Urlaub am Gardasee zu erleben.<\/p>\n<p>Alle Ferienwohnungen haben breite Terrassen, genug Platz um draussen zu sitzen und liegen.<\/p>\n<p>Klimaanlage, Fernseher mit deutschem Programm (Astra Sat) und WiFi Internetanschluss sorgen f\u00fcr eine komfortable Unterhaltung im Haus.<\/p>\n<p>Casa Orchidea am Torri del Benaco: eine tolle Gelegenheit eine der sch\u00f6nsten Pl\u00e4tze vom Gardasee kennen zu lernen.<\/p>\n<p>Und nicht nur f\u00fcr einen Badeurlaub.<\/p>\n<p>Die neue F\u00fchrung des Hauses, die Familien <em>Menapace-Boschelli<\/em> u. <em>Menapace-Monese<\/em>, werden sich bem\u00fchen Ihren Urlaub so angenehm und vergn\u00fcglich zu gestalten und sich herzlich \u00fcber Ihren besuch freuen.<\/p>\n<p>[\/vc_column_text][\/vc_column][vc_column width=&#8220;1\/2&#8243;][vc_single_image image=&#8220;3004&#8243; img_size=&#8220;full&#8220; alignment=&#8220;center&#8220; onclick=&#8220;img_link_large&#8220; css=&#8220;&#8220;][\/vc_column][\/vc_row][vc_row][vc_column][vc_text_separator title=&#8220;Nostri Clienti &#8211; Unsere G\u00e4ste &#8211; Our Guests&#8220; border_width=&#8220;5&#8243; el_width=&#8220;80&#8243;][\/vc_column][\/vc_row][vc_row css=&#8220;.vc_custom_1502264989054{margin-right: -40px !important;margin-left: -40px !important;padding-right: 20% !important;padding-left: 20% !important;background-color: #dff1f1 !important;}&#8220;][vc_column][vc_widget_sidebar sidebar_id=&#8220;cs-1&#8243;][vc_column_text css=&#8220;&#8220;]<\/p>\n<p style=\"text-align: center;\"><a href=\"https:\/\/www.casaorchidea.it\/de\/ferienwohnung-gardasee-reviews\/\">Zum G\u00e4stebuch<\/a><\/p>\n<p>[\/vc_column_text][\/vc_column][\/vc_row][vc_row css=&#8220;.vc_custom_1481566964282{margin-top: 30px !important;margin-bottom: 50px !important;padding-top: 30px !important;padding-bottom: 30px !important;}&#8220;][vc_column][vc_text_separator title=&#8220;Machen &#8211; Sehen &#8211; Endecken&#8220; border_width=&#8220;5&#8243; el_width=&#8220;80&#8243;][\/vc_column][\/vc_row][vc_row css=&#8220;.vc_custom_1524159748583{margin-top: 20px !important;margin-right: -40px !important;margin-left: -40px !important;padding-top: 5% !important;padding-right: 5% !important;padding-bottom: 5% !important;padding-left: 5% !important;background: #dff1f1 url(https:\/\/www.casaorchidea.it\/wp-content\/uploads\/appartamenti-torri-del-benaco-casa-orchidea-pool-bg.jpg?id=1220) !important;background-position: center !important;background-repeat: no-repeat !important;background-size: cover !important;}&#8220;][vc_column css=&#8220;.vc_custom_1426330521080{padding-top: 50px !important;}&#8220;][vc_tta_tabs style=&#8220;modern&#8220; shape=&#8220;square&#8220; color=&#8220;white&#8220; active_section=&#8220;1&#8243; no_fill_content_area=&#8220;true&#8220; css=&#8220;.vc_custom_1524160165792{background-color: rgba(0,65,114,0.9) !important;*background-color: rgb(0,65,114) !important;}&#8220; el_class=&#8220;mytabtrans&#8220;][vc_tta_section title=&#8220;Spa\u00df &#038; Action&#8220; tab_id=&#8220;1524159368250-ab682249-7d27&#8243;][vc_row_inner css=&#8220;.vc_custom_1426333285123{margin-top: 20px !important;margin-right: 20px !important;margin-bottom: 20px !important;margin-left: 20px !important;padding-top: 20px !important;padding-right: 20px !important;padding-bottom: 20px !important;padding-left: 20px !important;}&#8220;][vc_column_inner width=&#8220;1\/2&#8243;][vc_column_text]<\/p>\n<h3><span style=\"color: #eeeeee;\">Tennis, Pool und Spielplatz<\/span><\/h3>\n<p><span style=\"color: #ffffff;\">Kleinkinder und Mutter werden den Kinderspielplatz neben dem Haus sehr attraktiv finden.<br \/>\nPool und Tennisplatz steht ebenfalls \u00e4ltere Kinder und Ihre Eltern zu Verf\u00fcgung<\/span>[\/vc_column_text][\/vc_column_inner][vc_column_inner width=&#8220;1\/2&#8243;][vc_images_carousel images=&#8220;3000,1175,1174&#8243; img_size=&#8220;full&#8220; onclick=&#8220;link_no&#8220; autoplay=&#8220;yes&#8220; hide_pagination_control=&#8220;yes&#8220; hide_prev_next_buttons=&#8220;yes&#8220; wrap=&#8220;yes&#8220; css=&#8220;&#8220;][\/vc_column_inner][\/vc_row_inner][\/vc_tta_section][vc_tta_section title=&#8220;Bequem Einkaufen&#8220; tab_id=&#8220;1524159368288-470e8628-d866&#8243;][vc_row_inner css=&#8220;.vc_custom_1426333690848{margin: 20px !important;padding: 20px !important;}&#8220;][vc_column_inner width=&#8220;1\/2&#8243;][vc_column_text]<\/p>\n<h3><span style=\"color: #eeeeee;\">Ein paar Schritten bis zum Dorfmitt<\/span><\/h3>\n<p><span style=\"color: #ffffff;\">Das Dorf mit all seinen Diensleistungen, wie Lebensmittelgesch\u00e4ften, Restaurants, Kneipen, Kirche, Dorfmarkt, usw., ist in wenigen Schritten erreichbar.<\/span>[\/vc_column_text][\/vc_column_inner][vc_column_inner width=&#8220;1\/2&#8243;][vc_images_carousel images=&#8220;1245,1246,1247,1248&#8243; img_size=&#8220;full&#8220; onclick=&#8220;link_no&#8220; autoplay=&#8220;yes&#8220; hide_pagination_control=&#8220;yes&#8220; hide_prev_next_buttons=&#8220;yes&#8220; wrap=&#8220;yes&#8220;][\/vc_column_inner][\/vc_row_inner][\/vc_tta_section][vc_tta_section title=&#8220;Strand der Gardasee&#8220; tab_id=&#8220;1524159438867-8c5a4fb9-3877&#8243;][vc_row_inner css=&#8220;.vc_custom_1426333708165{margin: 20px !important;padding: 20px !important;}&#8220;][vc_column_inner width=&#8220;1\/2&#8243;][vc_column_text]<\/p>\n<h3><span style=\"color: #eeeeee;\">Schwimmen und Segeln<\/span><\/h3>\n<p><span style=\"color: #ffffff;\">Der Strand ist in nur ein paar Minuten zu Fuss erreichbar. Das Wasser ist sehr sauber und Kristallklar, in Sommer angenehm warm (22-24\u00b0). Um hier neben Schwimmen und Sonne genie\u00dfen kann man auch viel Spa\u00df mit Segeln, Windsurfen und Kitesurfen haben.<\/span>[\/vc_column_text][\/vc_column_inner][vc_column_inner width=&#8220;1\/2&#8243;][vc_images_carousel images=&#8220;1234,1235&#8243; img_size=&#8220;full&#8220; onclick=&#8220;link_no&#8220; autoplay=&#8220;yes&#8220; hide_pagination_control=&#8220;yes&#8220; hide_prev_next_buttons=&#8220;yes&#8220; wrap=&#8220;yes&#8220;][\/vc_column_inner][\/vc_row_inner][\/vc_tta_section][vc_tta_section title=&#8220;Lokale Attraktionen&#8220; tab_id=&#8220;1524159440356-7d84c4bf-53cd&#8220;][vc_row_inner css=&#8220;.vc_custom_1426333733434{margin: 20px !important;padding: 20px !important;}&#8220;][vc_column_inner width=&#8220;1\/2&#8243;][vc_column_text]<\/p>\n<h3><span style=\"color: #eeeeee;\">Endecken und Besichtigen<\/span><\/h3>\n<p><span style=\"color: #ffffff;\">Wanderwege findet man in der N\u00e4he; die F\u00e4hre zum anderen Ufer des Gardasees startet alle 40 Minuten vom Hafen des Dorfes; des Museum in der Burg von Torri bietet Informationen ueber die alte Kultur u. Geschichte; und die innere antiken Gassen bieten gen\u00fcgend Unterhaltung f\u00fcr einen Abendsbummel.<\/span>[\/vc_column_text][\/vc_column_inner][vc_column_inner width=&#8220;1\/2&#8243;][vc_images_carousel images=&#8220;1236,1237&#8243; img_size=&#8220;full&#8220; onclick=&#8220;link_no&#8220; autoplay=&#8220;yes&#8220; hide_pagination_control=&#8220;yes&#8220; hide_prev_next_buttons=&#8220;yes&#8220; wrap=&#8220;yes&#8220;][\/vc_column_inner][\/vc_row_inner][\/vc_tta_section][vc_tta_section title=&#8220;Ausfl\u00fcge&#8220; tab_id=&#8220;1524159441357-e8e8c0e9-16cc&#8220;][vc_row_inner css=&#8220;.vc_custom_1426333733434{margin: 20px !important;padding: 20px !important;}&#8220;][vc_column_inner width=&#8220;1\/2&#8243;][vc_column_text]<\/p>\n<h3><span style=\"color: #eeeeee;\">Parks, G\u00e4rten, St\u00e4dte<\/span><\/h3>\n<p><span style=\"color: #ffffff;\">Linienbusse und Touristbusse fahren nach Gardaland, Verona, Venedig, um den See herum. Und in Malcesine der Seilbahn bringt bis zum Spitze der Monte Baldo.<\/span>[\/vc_column_text][\/vc_column_inner][vc_column_inner width=&#8220;1\/2&#8243;][vc_images_carousel images=&#8220;1238,1239,1240,1241,1242,1243&#8243; img_size=&#8220;full&#8220; onclick=&#8220;link_no&#8220; autoplay=&#8220;yes&#8220; hide_pagination_control=&#8220;yes&#8220; hide_prev_next_buttons=&#8220;yes&#8220; wrap=&#8220;yes&#8220;][\/vc_column_inner][\/vc_row_inner][\/vc_tta_section][\/vc_tta_tabs][\/vc_column][\/vc_row][vc_row css=&#8220;.vc_custom_1426354493882{margin-top: 50px !important;margin-bottom: 50px !important;padding-top: 30px !important;padding-bottom: 30px !important;}&#8220;][vc_column][vc_text_separator title=&#8220;Unvergesslicher Urlaub in Torri del Benaco&#8220; border_width=&#8220;5&#8243; el_width=&#8220;80&#8243;][\/vc_column][\/vc_row][vc_row css=&#8220;.vc_custom_1426328284266{margin-right: 30px !important;margin-bottom: -20px !important;margin-left: 30px !important;}&#8220;][vc_column][vc_basic_grid post_type=&#8220;ids&#8220; item=&#8220;2034&#8243; include=&#8220;986, 1353, 242&#8243; grid_id=&#8220;vc_gid:1750108107776-367346d0-2e06-1&#8243;][\/vc_column][\/vc_row]<\/p>\n<\/div>","protected":false},"excerpt":{"rendered":"<p>[vc_row css=&#8220;.vc_custom_1426164508415{margin-top: -40px !important;margin-right: -40px !important;margin-left: -40px !important;padding-top: 20px !important;padding-right: 20px !important;padding-bottom: 20px !important;padding-left: 20px !important;background-color: #dff1f1 !important;}&#8220;][vc_column][vc_column_text] [\/vc_column_text][\/vc_column][\/vc_row][vc_row css=&#8220;.vc_custom_1426702557652{padding-top: 30px !important;padding-right: 30px !important;padding-bottom: 0px !important;padding-left: 30px !important;background-position: center !important;background-repeat: no-repeat !important;background-size: cover !important;}&#8220;][vc_column width=&#8220;1\/2&#8243;][vc_column_text css=&#8220;&#8220;] &#8222;Casa Orchidea&#8220; (Haus Orchidea) liegt in Torri del Benaco in ruhiger Lage, mitten im Dorf, aber entfernt genug vom &#8230; <a title=\"Casa Orchidea &#8211; Home\" class=\"read-more\" href=\"https:\/\/www.casaorchidea.it\/de\/\" aria-label=\"Mehr Informationen \u00fcber Casa Orchidea &#8211; Home\">Continue&#8230;<\/a><\/p>\n","protected":false},"author":1,"featured_media":0,"parent":0,"menu_order":0,"comment_status":"closed","ping_status":"open","template":"","meta":{"ngg_post_thumbnail":0,"generate_page_header":"","footnotes":""},"class_list":["post-1000","page","type-page","status-publish"],"_links":{"self":[{"href":"https:\/\/www.casaorchidea.it\/de\/wp-json\/wp\/v2\/pages\/1000","targetHints":{"allow":["GET"]}}],"collection":[{"href":"https:\/\/www.casaorchidea.it\/de\/wp-json\/wp\/v2\/pages"}],"about":[{"href":"https:\/\/www.casaorchidea.it\/de\/wp-json\/wp\/v2\/types\/page"}],"author":[{"embeddable":true,"href":"https:\/\/www.casaorchidea.it\/de\/wp-json\/wp\/v2\/users\/1"}],"replies":[{"embeddable":true,"href":"https:\/\/www.casaorchidea.it\/de\/wp-json\/wp\/v2\/comments?post=1000"}],"version-history":[{"count":20,"href":"https:\/\/www.casaorchidea.it\/de\/wp-json\/wp\/v2\/pages\/1000\/revisions"}],"predecessor-version":[{"id":3009,"href":"https:\/\/www.casaorchidea.it\/de\/wp-json\/wp\/v2\/pages\/1000\/revisions\/3009"}],"wp:attachment":[{"href":"https:\/\/www.casaorchidea.it\/de\/wp-json\/wp\/v2\/media?parent=1000"}],"curies":[{"name":"wp","href":"https:\/\/api.w.org\/{rel}","templated":true}]}}