{"id":1002,"date":"2015-03-03T13:40:25","date_gmt":"2015-03-03T11:40:25","guid":{"rendered":"http:\/\/www.casaorchidea.it\/?page_id=1002"},"modified":"2015-03-03T13:40:25","modified_gmt":"2015-03-03T11:40:25","slug":"uber-uns","status":"publish","type":"page","link":"https:\/\/www.casaorchidea.it\/de\/uber-uns\/","title":{"rendered":"\u00dcber uns"},"content":{"rendered":"<p>Veehrter Besucher, liebe G\u00e4ste,<\/p>\n<p>durch unsere Verwandschaft mit den Eigent\u00fcmern des Hauses Orchidea in Torri del Benaco (unserer Onkel), haben wir uns entschieden diese Ferienanlage weiter zuf\u00fchren.<\/p>\n<p>Die Grundidee unserer Onkel ist, die Arbeit eines ganzen Lebens nicht einfach als komerzielle Imobilie laufenzulassen.<\/p>\n<p>Sondern m\u00f6chten, dass alles in der Familie bleibt und so wie am Anfang mit famili\u00e4rer W\u00e4rme weitergef\u00fchrt wird. <\/p>\n<p>So beginnen wir im Januar 2011 unser Abenteuer in Casa Orchidea und werden uns bem\u00fchen eine famili\u00e4re und pers\u00f6nliche Gastfreundschaft, die nach unser Meinung diese Ferienanlage charakterisieren soll, aufzubauen.<\/p>\n<p>Wir hoffen, das Sie uns mit Ihren Verbessungsvorschl\u00e4gen bei unseren Bem\u00fchungen unterst\u00fctzen.<\/p>\n<p>Wir freuen uns auf Sie.<\/p>\n<p>Vielen Dank.<br \/>\nIhre Familie <strong><em>Menapace<\/em><\/strong><\/p>\n","protected":false},"excerpt":{"rendered":"<p>Veehrter Besucher, liebe G\u00e4ste, durch unsere Verwandschaft mit den Eigent\u00fcmern des Hauses Orchidea in Torri del Benaco (unserer Onkel), haben wir uns entschieden diese Ferienanlage weiter zuf\u00fchren. Die Grundidee unserer Onkel ist, die Arbeit eines ganzen Lebens nicht einfach als komerzielle Imobilie laufenzulassen. Sondern m\u00f6chten, dass alles in der Familie bleibt und so wie am &#8230; <a title=\"\u00dcber uns\" class=\"read-more\" href=\"https:\/\/www.casaorchidea.it\/de\/uber-uns\/\" aria-label=\"Mehr Informationen \u00fcber \u00dcber uns\">Continue&#8230;<\/a><\/p>\n","protected":false},"author":1,"featured_media":0,"parent":0,"menu_order":0,"comment_status":"closed","ping_status":"open","template":"","meta":{"ngg_post_thumbnail":0,"generate_page_header":"","footnotes":""},"class_list":["post-1002","page","type-page","status-publish"],"_links":{"self":[{"href":"https:\/\/www.casaorchidea.it\/de\/wp-json\/wp\/v2\/pages\/1002","targetHints":{"allow":["GET"]}}],"collection":[{"href":"https:\/\/www.casaorchidea.it\/de\/wp-json\/wp\/v2\/pages"}],"about":[{"href":"https:\/\/www.casaorchidea.it\/de\/wp-json\/wp\/v2\/types\/page"}],"author":[{"embeddable":true,"href":"https:\/\/www.casaorchidea.it\/de\/wp-json\/wp\/v2\/users\/1"}],"replies":[{"embeddable":true,"href":"https:\/\/www.casaorchidea.it\/de\/wp-json\/wp\/v2\/comments?post=1002"}],"version-history":[{"count":1,"href":"https:\/\/www.casaorchidea.it\/de\/wp-json\/wp\/v2\/pages\/1002\/revisions"}],"predecessor-version":[{"id":1003,"href":"https:\/\/www.casaorchidea.it\/de\/wp-json\/wp\/v2\/pages\/1002\/revisions\/1003"}],"wp:attachment":[{"href":"https:\/\/www.casaorchidea.it\/de\/wp-json\/wp\/v2\/media?parent=1002"}],"curies":[{"name":"wp","href":"https:\/\/api.w.org\/{rel}","templated":true}]}}