{"id":1311,"date":"2015-03-17T11:14:11","date_gmt":"2015-03-17T09:14:11","guid":{"rendered":"http:\/\/www.casaorchidea.it\/?page_id=1311"},"modified":"2025-04-12T17:44:13","modified_gmt":"2025-04-12T15:44:13","slug":"verfuegbarkeit-und-preise","status":"publish","type":"page","link":"https:\/\/www.casaorchidea.it\/de\/ferienwohnungen-torri-del-benaco\/verfuegbarkeit-und-preise\/","title":{"rendered":"Verf\u00fcgbarkeit und Preise"},"content":{"rendered":"<div class=\"bookhere nomobile\" style=\"padding:30px!important;margin:50px!important;\">\n<p class=\"bookhere\">\n    Verf\u00fcgbarkeit und Preise <span class=\"bookhere\"><a class=\"bookhere\" href=\"https:\/\/hospitality-guest.teamsystem.cloud\/booking-engine\/casa-orchidea\" target=\"_blanc\" rel=\"noopener\">FEWO BUCHEN!<\/a><\/span>\n  <\/p>\n<\/div>\n<div class=\"bookhere mobile\" style=\"padding-bottom:20px;\">\n<p class=\"bookhere\">\n    Verf\u00fcgbarkeit und Preise<br \/>&nbsp;<br \/><span class=\"bookhere\"><a class=\"bookhere\" href=\"https:\/\/hospitality-guest.teamsystem.cloud\/booking-engine\/casa-orchidea\" target=\"_blanc\" rel=\"noopener\">FEWO BUCHEN!<\/a><\/span>\n  <\/p>\n<\/div>\n<p><!--\n\n\n<div style=\"max-width: 80%; margin: 0 auto;\">\n\n\n<table class=\"mytable\" style=\"vertical-align: middle;\" border=\"1\" cellpadding=\"5\">\n\n<colgroup span=\"2\" width=\"80\"><\/colgroup>\n\n \n\n<colgroup span=\"3\" width=\"100\"><\/colgroup>\n\n\n\n<caption style=\"text-align: center;\"><b><span style=\"font-size:1.5em;\">Preistabelle 2021<\/span><\/b>\n<i> \u2192 Zwischen- u. Haupt-Saison Mindestaufenthalt 7 N\u00e4chte \u2190<\/i><\/caption>\n\n\n\n\n<thead id=\"testata\">\n\n\n<tr>\n\n\n<th rowspan=\"4\">FEWO TYP<\/th>\n\n\n\n\n<th rowspan=\"4\">PERSONEN<\/th>\n\n\n\n\n<th>NIEDRIGE\nSAISON\nMin. 3 N\u00e4chte<\/th>\n\n\n\n\n<th>ZWISCHEN-\nSAISON\nMin. 7 N\u00e4chte<\/th>\n\n\n\n\n<th>HAUPT-\nSAISON\nMin. 7 N\u00e4chte<\/th>\n\n\n<\/tr>\n\n\n\n\n<tr>\n\n\n<th rowspan=\"3\">19.09 - 30.10<\/th>\n\n\n\n\n<th rowspan=\"3\">27.03 - 26.06<\/th>\n\n\n\n\n<th rowspan=\"3\">27.06 - 18.09<\/th>\n\n\n<\/tr>\n\n\n<\/thead>\n\n\n\n\n<tbody class=\"center\">\n\n\n<tr>\n\n\n<td class=\"azzurro2\" style=\"text-align: center;\"><span class=\"big\">A<\/span>\n<\/td>\n\n\n\n\n<td style=\"text-align: center;\">2 - 4<\/td>\n\n\n\n\n<td id=\"giallo\" style=\"text-align: center;\">95<\/td>\n\n\n\n\n<td id=\"verde\" style=\"text-align: center;\">110<\/td>\n\n\n\n\n<td id=\"rosso\" style=\"text-align: center;\">125<\/td>\n\n\n<\/tr>\n\n\n\n\n<tr>\n\n\n<td colspan=\"5\">&nbsp;<\/td>\n\n\n<\/tr>\n\n\n\n\n<tr>\n\n\n<td class=\"azzurro2\" style=\"text-align: center;\" rowspan=\"1\"><span class=\"big\">B<\/span>\n<\/td>\n\n\n\n\n<td style=\"text-align: center;\">2 - 6<\/td>\n\n\n\n\n<td id=\"giallo\" style=\"text-align: center;\">110<\/td>\n\n\n\n\n<td id=\"verde\" style=\"text-align: center;\">125<\/td>\n\n\n\n\n<td id=\"rosso\" style=\"text-align: center;\">140<\/td>\n\n\n<\/tr>\n\n\n<\/tbody>\n\n\n<\/table>\n\n\n<\/div>\n\n\n--><br \/>\n<!--\n\n\n<div style=\"padding:50px 0;\">\n<link href=\"\/booking\/index.php?controller=pjFront&action=pjActionLoadCss&cid=1&layout=1\" type=\"text\/css\" rel=\"stylesheet\" \/>\n<script type=\"text\/javascript\" src=\"\/booking\/index.php?controller=pjFront&action=pjActionLoad&cid=1&layout=1&locale=5\"><\/script>\n<\/div>\n\n\n--><br \/>\n<!--\n\n\n<div style=\"background-color:yellow; padding:10%;margin:20px 0px;\">\n\n\n<p style=\"text-align:center\"><span style=\"font-size:3em\"><b>2018<\/b>\n<\/span><b>Buchung Online Nicht Verf\u00fcgbar!\nBitte, Anfrage per Email<\/b><\/p>\n\n\n\n\n<p style=\"text-align:center\">[su_button url=\"https:\/\/www.casaorchidea.it\/de\/ferienwohnungen-torri-del-benaco\/anfrage\/\" background=\"#F66000\" icon=\"icon: envelope-o\"]ANFRAGE[\/su_button]<\/p>\n\n\n\n<\/div>\n\n\n--><\/p>\n<div style=\"padding: 0 10%;\">\n<strong>Im Preis inbegriffen<\/strong><\/p>\n<ul>\n<li>Wohnung: Komplett eingerichtet mit Strom, Wasser, Heizung oder Klimaanlage<\/li>\n<li>Sat-TV 32 Zoll<\/li>\n<li>W-Lan<\/li>\n<li>Safe<\/li>\n<li>K\u00fcchennische: ausreichende Ausr\u00fcstung mit 4 Elektroplatten, K\u00fchlschrank, Kaffeemaschine, Mikrowellenger\u00e4t<\/li>\n<li>Badezimmer: mit Du\/WC\/Bidet, Ph\u00f6n<\/li>\n<li>W\u00e4sche: Bettw\u00e4sche (Daunen Bettdecke) + Handt\u00fccher u. Badet\u00fccher<\/li>\n<li>Reinigung: jeden 7. Tag (ohne K\u00fcchenreinigung) und Endreinigung<\/li>\n<li>Privater Parkplatz<\/li>\n<li>Pool<\/li>\n<li>Whirlpool<\/li>\n<li>Nutzung der algemeine Waschmaschine<\/li>\n<\/ul>\n<p><strong>Erm\u00e4\u00dfigungen<\/strong><\/p>\n<ul>\n<li>Kleinkinder in Kinderbett sind immer frei<\/li>\n<p> \t<!--\n\n<li>Niedrige und Zwischensaison: Kinder bis 5 Jahre frei<\/li>\n\n-->\n<\/ul>\n<p><strong>Nicht im Preis inbegriffen<\/strong><\/p>\n<ul>\n<li>Extra W\u00e4schewechsel: \u20ac 7,00<\/li>\n<li>Tennisplatz<\/li>\n<\/ul>\n<p><strong>Zahlungskonditionen<br \/>\n<\/strong><\/p>\n<ul>\n \t<!--\n\n<li>Anzahlung: bei fester Buchung bitten wir um eine Anzahlung ab bis Euro 100,- p\/Appartment\/Woche auf unser Bankkont.\nDie Kontonummer wird Ihnen bekannt gegeben mit unserer Best\u00e4tigung<\/li>\n\n--><\/p>\n<li>Rechnung: Die Rechnung wird bei Ankunft bezahlt<\/li>\n<li>Die Bezahlung erfolgt in Bar oder Kreditkarte<\/li>\n<li>Kaution: Eine Kaution \u00fcber 100 Euro kann auf Ihre Rechnung gerechnet werden und zur\u00fcckerstattet bei Abfahrt<\/li>\n<\/ul>\n<p><strong>An- und Abreisezeit<\/strong><\/p>\n<ul>\n<li>Anreisezeit: ab 15:00 bis 18:00 Uhr<br \/>\nSp\u00e4tere Anreisezeit bitte vorher melden<\/li>\n<li>Anreisetag: nach m\u00f6glichkeit Samstags (sollte aber nicht m\u00f6glich sein, versuchen wir Ihnen gern entgegen zu kommen)<\/li>\n<li>Abreisezeit: bis 10:00 Uhr der Abreisetag<\/li>\n<\/ul>\n<p><strong>Sonstiges<\/strong><\/p>\n<ul>\n<li>In unseren Ferienwohnungen ist das Rauchen nicht erlaubt (ausser auf Balkonen und ins freie)<\/li>\n<li>Kleine\/Mittelgro\u00dfe Haustiere nach Anfrage m\u00f6glich (Euro 5,00 p\/Tag)<\/li>\n<\/ul>\n<p><strong>GRUNDSTEUER<\/strong><br \/>\nGemeinde Torri del Benaco<\/p>\n<ul>\n<li>Euro 1,00 Erwachsene\/Tag &#8211; Kinder 0 bis 14J.frei. G\u00fcltig vom April bis ende Oktober.\n<\/li>\n<\/ul>\n<\/div>\n<p style=\"padding-bottom:30px;\">&nbsp;<\/p>\n<div class=\"bookhere nomobile\">\n<p class=\"bookhere\">\n    Verf\u00fcgbarkeit und Preise <span class=\"bookhere\"><a class=\"bookhere\" href=\"https:\/\/hospitality-guest.teamsystem.cloud\/booking-engine\/casa-orchidea\" target=\"_blanc\" rel=\"noopener\">FEWO BUCHEN!<\/a><\/span>\n  <\/p>\n<\/div>\n<div class=\"bookhere mobile\" style=\"padding-bottom:20px;\">\n<p class=\"bookhere\">\n    Verf\u00fcgbarkeit und Preise<br \/>&nbsp;<br \/><span class=\"bookhere\"><a class=\"bookhere\" href=\"https:\/\/hospitality-guest.teamsystem.cloud\/booking-engine\/casa-orchidea\" target=\"_blanc\" rel=\"noopener\">FEWO BUCHEN!<\/a><\/span>\n  <\/p>\n<\/div>\n","protected":false},"excerpt":{"rendered":"<p>Verf\u00fcgbarkeit und Preise FEWO BUCHEN! Verf\u00fcgbarkeit und Preise&nbsp;FEWO BUCHEN! Im Preis inbegriffen Wohnung: Komplett eingerichtet mit Strom, Wasser, Heizung oder Klimaanlage Sat-TV 32 Zoll W-Lan Safe K\u00fcchennische: ausreichende Ausr\u00fcstung mit 4 Elektroplatten, K\u00fchlschrank, Kaffeemaschine, Mikrowellenger\u00e4t Badezimmer: mit Du\/WC\/Bidet, Ph\u00f6n W\u00e4sche: Bettw\u00e4sche (Daunen Bettdecke) + Handt\u00fccher u. Badet\u00fccher Reinigung: jeden 7. Tag (ohne K\u00fcchenreinigung) und Endreinigung &#8230; <a title=\"Verf\u00fcgbarkeit und Preise\" class=\"read-more\" href=\"https:\/\/www.casaorchidea.it\/de\/ferienwohnungen-torri-del-benaco\/verfuegbarkeit-und-preise\/\" aria-label=\"Mehr Informationen \u00fcber Verf\u00fcgbarkeit und Preise\">Continue&#8230;<\/a><\/p>\n","protected":false},"author":1,"featured_media":0,"parent":986,"menu_order":0,"comment_status":"closed","ping_status":"closed","template":"","meta":{"ngg_post_thumbnail":0,"generate_page_header":"","footnotes":""},"class_list":["post-1311","page","type-page","status-publish"],"_links":{"self":[{"href":"https:\/\/www.casaorchidea.it\/de\/wp-json\/wp\/v2\/pages\/1311","targetHints":{"allow":["GET"]}}],"collection":[{"href":"https:\/\/www.casaorchidea.it\/de\/wp-json\/wp\/v2\/pages"}],"about":[{"href":"https:\/\/www.casaorchidea.it\/de\/wp-json\/wp\/v2\/types\/page"}],"author":[{"embeddable":true,"href":"https:\/\/www.casaorchidea.it\/de\/wp-json\/wp\/v2\/users\/1"}],"replies":[{"embeddable":true,"href":"https:\/\/www.casaorchidea.it\/de\/wp-json\/wp\/v2\/comments?post=1311"}],"version-history":[{"count":41,"href":"https:\/\/www.casaorchidea.it\/de\/wp-json\/wp\/v2\/pages\/1311\/revisions"}],"predecessor-version":[{"id":2980,"href":"https:\/\/www.casaorchidea.it\/de\/wp-json\/wp\/v2\/pages\/1311\/revisions\/2980"}],"up":[{"embeddable":true,"href":"https:\/\/www.casaorchidea.it\/de\/wp-json\/wp\/v2\/pages\/986"}],"wp:attachment":[{"href":"https:\/\/www.casaorchidea.it\/de\/wp-json\/wp\/v2\/media?parent=1311"}],"curies":[{"name":"wp","href":"https:\/\/api.w.org\/{rel}","templated":true}]}}