{"id":1353,"date":"2015-03-17T19:38:56","date_gmt":"2015-03-17T17:38:56","guid":{"rendered":"http:\/\/www.casaorchidea.it\/?page_id=1353"},"modified":"2025-06-24T18:18:35","modified_gmt":"2025-06-24T16:18:35","slug":"dienstleistungen","status":"publish","type":"page","link":"https:\/\/www.casaorchidea.it\/de\/ferienwohnungen-torri-del-benaco\/dienstleistungen\/","title":{"rendered":"Dienstleistungen"},"content":{"rendered":"<div class=\"wpb-content-wrapper\"><p>[vc_row][vc_column width=&#8220;1\/2&#8243; el_class=&#8220;vc_col-sm-push-6&#8243;][vc_single_image image=&#8220;3031&#8243; img_size=&#8220;full&#8220; style=&#8220;vc_box_border&#8220; css=&#8220;&#8220;][\/vc_column][vc_column width=&#8220;1\/2&#8243; el_class=&#8220;vc_col-sm-pull-6&#8243;][vc_column_text]<\/p>\n<h3>Pool<\/h3>\n<p>Der Strand ist nicht weit entfernt, und das Wasser der Gardasee sauber und klar, aber der Pool unter dem Haus liegt sogar noch n\u00e4her. Eine sch\u00f6ne Bequemlichkeit. Mit Dusche und Liegest\u00fchlen.[\/vc_column_text][\/vc_column][\/vc_row][vc_row][vc_column width=&#8220;1\/2&#8243;][vc_single_image image=&#8220;3025&#8243; img_size=&#8220;full&#8220; style=&#8220;vc_box_border&#8220; css=&#8220;&#8220;][\/vc_column][vc_column width=&#8220;1\/2&#8243;][vc_column_text]<\/p>\n<h3>Whirlpool<\/h3>\n<p>Neben dem Swimmingpool befindet sich der Whirlpool. Spa\u00df und Entspannung.[\/vc_column_text][\/vc_column][\/vc_row][vc_row][vc_column width=&#8220;1\/2&#8243; el_class=&#8220;vc_col-sm-push-6&#8243;][vc_single_image image=&#8220;1174&#8243; img_size=&#8220;full&#8220; style=&#8220;vc_box_border&#8220;][\/vc_column][vc_column width=&#8220;1\/2&#8243; el_class=&#8220;vc_col-sm-pull-6&#8243;][vc_column_text]<\/p>\n<h3>Tennisplatz<\/h3>\n<p>F&uuml;r Tennisspieler bieten wir die M&ouml;glichkeit zu &uuml;ben. Ein Tennisplatz in roter Sand steht den G&auml;sten zur Verf&uuml;gung. (Service nicht im Wohnungspreis enthalten, Buchung Notwendig.)<\/p>\n<p>[\/vc_column_text][\/vc_column][\/vc_row][vc_row][vc_column width=&#8220;1\/2&#8243;][vc_single_image image=&#8220;1175&#8243; img_size=&#8220;full&#8220; style=&#8220;vc_box_border&#8220;][\/vc_column][vc_column width=&#8220;1\/2&#8243;][vc_column_text]<\/p>\n<h3>Spielplatz<\/h3>\n<p>Am Rande unser Grundst\u00fcck befindet sich ein kleiner Kinderspielplatz der Gemeinde. Ein zus\u00e4tzlicher Komfort f\u00fcr M\u00fctter mit kleinen Kindern.[\/vc_column_text][\/vc_column][\/vc_row][vc_row][vc_column width=&#8220;1\/2&#8243; el_class=&#8220;vc_col-sm-push-6&#8243;][vc_single_image image=&#8220;1173&#8243; img_size=&#8220;full&#8220; style=&#8220;vc_box_border&#8220;][\/vc_column][vc_column width=&#8220;1\/2&#8243; el_class=&#8220;vc_col-sm-pull-6&#8243;][vc_column_text]<\/p>\n<h3>Parkplatz<\/h3>\n<p>Vor dem Haus bietet der Parkplatz genug Platz f\u00fcr alle unsere Wohnungen. Das Auto wird geparkt und ist nach W\u00fcnsch nicht mehr zu benutzen. Alles ist leicht zu Fu\u00df erreichbar, einschlie\u00dflich Bus und Schiff.[\/vc_column_text][\/vc_column][\/vc_row][vc_row][vc_column width=&#8220;1\/2&#8243;][vc_single_image image=&#8220;1176&#8243; img_size=&#8220;full&#8220; style=&#8220;vc_box_border&#8220;][\/vc_column][vc_column width=&#8220;1\/2&#8243;][vc_column_text]<\/p>\n<h3>Einkaufen<\/h3>\n<p>Torri ist ein kleines Ort, aber mit guter Service und mehrere Gesch\u00e4fte aller Art ausgestattet. Ein Wochenmarkt findet am Montag statt, Seefisch kann t\u00e4glich am Hafen direkt von den Fischern gekauft werden.[\/vc_column_text][\/vc_column][\/vc_row][vc_row][vc_column width=&#8220;1\/2&#8243; el_class=&#8220;vc_col-sm-push-6&#8243;][vc_single_image image=&#8220;1177&#8243; img_size=&#8220;full&#8220; style=&#8220;vc_box_border&#8220;][\/vc_column][vc_column width=&#8220;1\/2&#8243; el_class=&#8220;vc_col-sm-pull-6&#8243;][vc_column_text]<\/p>\n<h3>Der Strand<\/h3>\n<p>Die Str\u00e4nde sind frei, zu Fu\u00df in wenigen Minuten erreichbar. Str\u00e4nde sind aus nat\u00fcrlichen Kies, mehr oder weniger fein. Das Wasser des Sees ist klar und sauber, im Sommer kann 23\u00b0, und mehr, betragen. Ein sicheren Spa\u00df f\u00fcr j\u00fcngere Kinder. Gummischuhe, auch im Dorf zu kaufen, sind zu empfehlswert.[\/vc_column_text][\/vc_column][\/vc_row][vc_row][vc_column][vc_column_text]<\/p>\n<p>[\/vc_column_text][\/vc_column][\/vc_row][vc_row disable_element=&#8220;yes&#8220; css=&#8220;.vc_custom_1652866335113{padding-top: 30px !important;padding-right: 5px !important;padding-bottom: 10px !important;padding-left: 5px !important;background-color: #f2e19f !important;}&#8220;][vc_column][vc_row_inner el_id=&#8220;breakfast-de&#8220;][vc_column_inner][vc_empty_space height=&#8220;10px&#8220;][\/vc_column_inner][\/vc_row_inner][vc_row_inner][vc_column_inner][vc_custom_heading text=&#8220;NEU!<br \/>\nNeue Dienste in Vorbereitung f\u00fcr 2021&#8243; font_container=&#8220;tag:h2|font_size:2em|text_align:center|color:%23ff0000&#8243; google_fonts=&#8220;font_family:Acme%3Aregular|font_style:400%20regular%3A400%3Anormal&#8220;][vc_empty_space][\/vc_column_inner][\/vc_row_inner][vc_row_inner][vc_column_inner width=&#8220;1\/2&#8243;][vc_single_image image=&#8220;2653&#8243; img_size=&#8220;full&#8220; alignment=&#8220;center&#8220; style=&#8220;vc_box_border&#8220;][\/vc_column_inner][vc_column_inner width=&#8220;1\/2&#8243;][vc_column_text]<\/p>\n<h3><strong>Fr\u00fchst\u00fccksservice<\/strong><\/h3>\n<p>Fr\u00fchst\u00fcck zum Mitnehmen auf Anfrage. Der Service kann tageweise oder f\u00fcr die gesamte Aufenthaltsdauer gebucht werden und bietet die M\u00f6glichkeit, ein reichhaltiges Fr\u00fchst\u00fcckstablett mit hei\u00dfen Getr\u00e4nken und lokalen Produkten zu kaufen, das in der Ruhe Ihres Apartments genossen werden kann.<\/p>\n<p>[\/vc_column_text][\/vc_column_inner][\/vc_row_inner][vc_empty_space][vc_row_inner][vc_column_inner el_class=&#8220;vc_col-sm-push-6&#8243; width=&#8220;1\/2&#8243;][vc_single_image image=&#8220;2656&#8243; img_size=&#8220;full&#8220; alignment=&#8220;center&#8220; style=&#8220;vc_box_border&#8220;][\/vc_column_inner][vc_column_inner el_class=&#8220;vc_col-sm-pull-6&#8243; width=&#8220;1\/2&#8243;][vc_column_text]<\/p>\n<h3><strong>Frisches Brot Service<\/strong><\/h3>\n<p>Um morgens nicht auf frisches Brot zum Fr\u00fchst\u00fcck verzichten zu m\u00fcssen, werden wir einen Bestellservice f\u00fcr frisches Brot anbieten, gebacken von der ausgezeichneten B\u00e4ckerei von Torri.<\/p>\n<p>[\/vc_column_text][\/vc_column_inner][\/vc_row_inner][vc_empty_space][\/vc_column][\/vc_row]<\/p>\n<\/div>","protected":false},"excerpt":{"rendered":"<p>Einkaufen, Dorfmitte, Hafen mit Schiffsanlegestelle, Linienbus, Str\u00e4nde und Promenade liegen nur ein paar Minuten zu Fuss entfernt. Im Haus findet der Gast: WLan, Pool mit Liegen, Jacuzzi, Tennisplatz, Spielplatz<\/p>\n","protected":false},"author":1,"featured_media":3031,"parent":986,"menu_order":0,"comment_status":"closed","ping_status":"open","template":"","meta":{"ngg_post_thumbnail":0,"generate_page_header":"","footnotes":""},"class_list":["post-1353","page","type-page","status-publish","has-post-thumbnail"],"_links":{"self":[{"href":"https:\/\/www.casaorchidea.it\/de\/wp-json\/wp\/v2\/pages\/1353","targetHints":{"allow":["GET"]}}],"collection":[{"href":"https:\/\/www.casaorchidea.it\/de\/wp-json\/wp\/v2\/pages"}],"about":[{"href":"https:\/\/www.casaorchidea.it\/de\/wp-json\/wp\/v2\/types\/page"}],"author":[{"embeddable":true,"href":"https:\/\/www.casaorchidea.it\/de\/wp-json\/wp\/v2\/users\/1"}],"replies":[{"embeddable":true,"href":"https:\/\/www.casaorchidea.it\/de\/wp-json\/wp\/v2\/comments?post=1353"}],"version-history":[{"count":14,"href":"https:\/\/www.casaorchidea.it\/de\/wp-json\/wp\/v2\/pages\/1353\/revisions"}],"predecessor-version":[{"id":3038,"href":"https:\/\/www.casaorchidea.it\/de\/wp-json\/wp\/v2\/pages\/1353\/revisions\/3038"}],"up":[{"embeddable":true,"href":"https:\/\/www.casaorchidea.it\/de\/wp-json\/wp\/v2\/pages\/986"}],"wp:featuredmedia":[{"embeddable":true,"href":"https:\/\/www.casaorchidea.it\/de\/wp-json\/wp\/v2\/media\/3031"}],"wp:attachment":[{"href":"https:\/\/www.casaorchidea.it\/de\/wp-json\/wp\/v2\/media?parent=1353"}],"curies":[{"name":"wp","href":"https:\/\/api.w.org\/{rel}","templated":true}]}}