{"id":1883,"date":"2017-01-16T12:19:39","date_gmt":"2017-01-16T10:19:39","guid":{"rendered":"http:\/\/www.casaorchidea.it\/?page_id=1883\/"},"modified":"2021-03-02T22:31:17","modified_gmt":"2021-03-02T20:31:17","slug":"wir-ueber-uns","status":"publish","type":"page","link":"https:\/\/www.casaorchidea.it\/de\/wir-ueber-uns\/","title":{"rendered":"Wir \u00dcber Uns"},"content":{"rendered":"<p>Hallo!<\/p>\n<p>Ich bin Omar Boschelli, Leiter der <strong>Apartments Casa Orchidea in Torri del Benaco<\/strong>.<br \/>\nDas ist meine Familie: Flavio, Ester, Omar u. Mattia.<\/p>\n<p>&nbsp;<\/p>\n<p><a href=\"https:\/\/www.casaorchidea.it\/wp-content\/uploads\/omar-boschelli-e-famiglia-appartamenti-vacanza-casa-orchidea-torri-del-benaco.jpg\"><img loading=\"lazy\" decoding=\"async\" class=\"aligncenter size-full wp-image-1818\" src=\"https:\/\/www.casaorchidea.it\/wp-content\/uploads\/omar-boschelli-e-famiglia-appartamenti-vacanza-casa-orchidea-torri-del-benaco.jpg\" alt=\"Familie Boschelli-Menapace Inhaber von Ferienwohnungen Casa Orchidea Torri del Benaco\" width=\"1040\" height=\"799\" srcset=\"https:\/\/www.casaorchidea.it\/wp-content\/uploads\/omar-boschelli-e-famiglia-appartamenti-vacanza-casa-orchidea-torri-del-benaco.jpg 1040w, https:\/\/www.casaorchidea.it\/wp-content\/uploads\/omar-boschelli-e-famiglia-appartamenti-vacanza-casa-orchidea-torri-del-benaco-768x590.jpg 768w\" sizes=\"auto, (max-width: 1040px) 100vw, 1040px\" \/><\/a><\/p>\n<p>Sie koennen mich an diesen Anschriften erreichen:<br \/>\n&#8211; Handy +39 331 4606 111 und +39 339 7395 720<br \/>\n&#8211; info at casaorchidea punkt it<\/p>\n<p>Sie k\u00f6nnen mir auch direkt hier anschreiben >>> <a href=\"https:\/\/www.casaorchidea.it\/de\/ferienwohnungen-torri-del-benaco\/anfrage\/\" title=\"Bitte hier klicken zum Anfrageformular\">Anfrage<\/a> <<<.<\/p>\n<p>Ich stehe f\u00fcr weitere Informationen zur Verf\u00fcgung, Anforderungen zu erf\u00fcllen, Hilfe zu leisten, wenn n\u00f6tig oder um ihre Tipps, die wir sehr zu herzen nehmen, anzuh\u00f6ren.<\/p>\n<p>Wir danken ihnen herzlich f\u00fcr ihren Besuch auf der Website <a href=\"https:\/\/www.casaorchidea.it\/de\/\" title=\"Ferienwohnung Torri del Benaco mit Pool\">Ferienwohnung Torri del Benaco &#8211; casaorchidea.it <\/a>!<\/p>\n<p>Omar<\/p>\n","protected":false},"excerpt":{"rendered":"<p>Hallo! Ich bin Omar Boschelli, Leiter der Apartments Casa Orchidea in Torri del Benaco. Das ist meine Familie: Flavio, Ester, Omar u. Mattia. &nbsp; Sie koennen mich an diesen Anschriften erreichen: &#8211; Handy +39 331 4606 111 und +39 339 7395 720 &#8211; info at casaorchidea punkt it Sie k\u00f6nnen mir auch direkt hier anschreiben &#8230; <a title=\"Wir \u00dcber Uns\" class=\"read-more\" href=\"https:\/\/www.casaorchidea.it\/de\/wir-ueber-uns\/\" aria-label=\"Mehr Informationen \u00fcber Wir \u00dcber Uns\">Continue&#8230;<\/a><\/p>\n","protected":false},"author":1,"featured_media":0,"parent":0,"menu_order":0,"comment_status":"closed","ping_status":"closed","template":"","meta":{"ngg_post_thumbnail":0,"generate_page_header":"","footnotes":""},"class_list":["post-1883","page","type-page","status-publish"],"_links":{"self":[{"href":"https:\/\/www.casaorchidea.it\/de\/wp-json\/wp\/v2\/pages\/1883","targetHints":{"allow":["GET"]}}],"collection":[{"href":"https:\/\/www.casaorchidea.it\/de\/wp-json\/wp\/v2\/pages"}],"about":[{"href":"https:\/\/www.casaorchidea.it\/de\/wp-json\/wp\/v2\/types\/page"}],"author":[{"embeddable":true,"href":"https:\/\/www.casaorchidea.it\/de\/wp-json\/wp\/v2\/users\/1"}],"replies":[{"embeddable":true,"href":"https:\/\/www.casaorchidea.it\/de\/wp-json\/wp\/v2\/comments?post=1883"}],"version-history":[{"count":14,"href":"https:\/\/www.casaorchidea.it\/de\/wp-json\/wp\/v2\/pages\/1883\/revisions"}],"predecessor-version":[{"id":2730,"href":"https:\/\/www.casaorchidea.it\/de\/wp-json\/wp\/v2\/pages\/1883\/revisions\/2730"}],"wp:attachment":[{"href":"https:\/\/www.casaorchidea.it\/de\/wp-json\/wp\/v2\/media?parent=1883"}],"curies":[{"name":"wp","href":"https:\/\/api.w.org\/{rel}","templated":true}]}}