{"id":1964,"date":"2017-04-26T16:34:08","date_gmt":"2017-04-26T14:34:08","guid":{"rendered":"http:\/\/www.casaorchidea.it\/?page_id=1964\/"},"modified":"2020-03-06T12:34:24","modified_gmt":"2020-03-06T10:34:24","slug":"hausordnung-ferienwohnungen","status":"publish","type":"page","link":"https:\/\/www.casaorchidea.it\/de\/hausordnung-ferienwohnungen\/","title":{"rendered":"Hausordnung Ferienwohnungen"},"content":{"rendered":"<p>Die bestehenden Regeln sind auf diese Website www.casaorchidea.it, in jedem Zimmer und am Eingang vorhanden.<\/p>\n<p>G\u00e4ste und Besucher m\u00fcssen die Ordnung befolgen.<br \/>\nAndernfalls beh\u00e4lt die Direktion das Recht die Regelbrecher zu enfernen.<br \/>\nIn diesem Fall wird von den Ferienwohnungen nichts zur\u00fcckerstattet.<\/p>\n<p>Herzlichen Dank f\u00fcr das Lesen!<br \/>\n<!--<iframe loading=\"lazy\" width=\"100%\" height=\"400px\" scrolling=\"no\" allowfullscreen src=\"https:\/\/www.edelpaper.com\/working_folder\/www.edelpaper.com\/preview\/preview_5900af59991fe0.71869927\/#0\"><\/iframe>--><\/p>\n<p><iframe style='width:900px;height:500px' src='https:\/\/online.pubhtml5.com\/xyve\/qbsf\/'  seamless='seamless' scrolling='no' frameborder='0' allowtransparency='true' allowfullscreen='true' ><\/iframe><\/p>\n","protected":false},"excerpt":{"rendered":"<p>Die bestehenden Regeln sind auf diese Website www.casaorchidea.it, in jedem Zimmer und am Eingang vorhanden. G\u00e4ste und Besucher m\u00fcssen die Ordnung befolgen. Andernfalls beh\u00e4lt die Direktion das Recht die Regelbrecher zu enfernen. In diesem Fall wird von den Ferienwohnungen nichts zur\u00fcckerstattet. Herzlichen Dank f\u00fcr das Lesen!<\/p>\n","protected":false},"author":1,"featured_media":0,"parent":0,"menu_order":0,"comment_status":"closed","ping_status":"closed","template":"","meta":{"ngg_post_thumbnail":0,"generate_page_header":"","footnotes":""},"class_list":["post-1964","page","type-page","status-publish"],"_links":{"self":[{"href":"https:\/\/www.casaorchidea.it\/de\/wp-json\/wp\/v2\/pages\/1964","targetHints":{"allow":["GET"]}}],"collection":[{"href":"https:\/\/www.casaorchidea.it\/de\/wp-json\/wp\/v2\/pages"}],"about":[{"href":"https:\/\/www.casaorchidea.it\/de\/wp-json\/wp\/v2\/types\/page"}],"author":[{"embeddable":true,"href":"https:\/\/www.casaorchidea.it\/de\/wp-json\/wp\/v2\/users\/1"}],"replies":[{"embeddable":true,"href":"https:\/\/www.casaorchidea.it\/de\/wp-json\/wp\/v2\/comments?post=1964"}],"version-history":[{"count":8,"href":"https:\/\/www.casaorchidea.it\/de\/wp-json\/wp\/v2\/pages\/1964\/revisions"}],"predecessor-version":[{"id":1968,"href":"https:\/\/www.casaorchidea.it\/de\/wp-json\/wp\/v2\/pages\/1964\/revisions\/1968"}],"wp:attachment":[{"href":"https:\/\/www.casaorchidea.it\/de\/wp-json\/wp\/v2\/media?parent=1964"}],"curies":[{"name":"wp","href":"https:\/\/api.w.org\/{rel}","templated":true}]}}