{"id":986,"date":"2015-03-03T13:30:05","date_gmt":"2015-03-03T11:30:05","guid":{"rendered":"http:\/\/www.casaorchidea.it\/?page_id=986"},"modified":"2024-07-07T15:37:48","modified_gmt":"2024-07-07T13:37:48","slug":"ferienwohnungen-torri-del-benaco","status":"publish","type":"page","link":"https:\/\/www.casaorchidea.it\/de\/ferienwohnungen-torri-del-benaco\/","title":{"rendered":"Ferienwohnungen"},"content":{"rendered":"<div class=\"wpb-content-wrapper\"><p>[vc_row][vc_column][vc_column_text]Casa Orchidea verf\u00fcgt \u00fcber 9 gut eingerichtete Ferienwohnungen die eine komfortable Unterkunft f\u00fcr kleine u. grosse Familien bieten, um einen sch\u00f6nen u. angenehmen Urlaub am Gardasee zu erleben.<\/p>\n<p>Alle Ferienwohnungen haben breite Terrassen, genug Platz um draussen zu sitzen und liegen.<\/p>\n<p>Klimaanlage, Fernseher mit deutschem Programm (Astra Sat) und WiFi Internetanschluss sorgen f\u00fcr eine komfortable Unterhaltung im Haus.[\/vc_column_text][\/vc_column][\/vc_row][vc_row css=&#8220;.vc_custom_1425546690038{margin-top: 10px !important;margin-right: 10px !important;margin-bottom: 10px !important;margin-left: 10px !important;padding-top: 20px !important;padding-right: 20px !important;padding-bottom: 20px !important;padding-left: 20px !important;background-color: #fae2b2 !important;}&#8220;][vc_column width=&#8220;1\/2&#8243;][vc_column_text css=&#8220;&#8220;]<\/p>\n<p><strong>Typ A &#8211; 2-Zi.-Wohnung<\/strong><\/p>\n<p>Personen: 2 + 2<\/p>\n<p><strong>R\u00e4ume<\/strong><\/p>\n<ul>\n<li>Wohnzimmer mit Kochecke<\/li>\n<li>Doppelzimmer<\/li>\n<li>Bad<\/li>\n<li>Balkon<\/li>\n<\/ul>\n<p>[\/vc_column_text][vc_btn title=&#8220;Ferienwohnung Typ A (2+2)&#8220; color=&#8220;inverse&#8220; css=&#8220;&#8220; link=&#8220;url:https%3A%2F%2Fwww.casaorchidea.it%2Fde%2Fferienwohnungen-torri-del-benaco%2F2-personen-typ-a%2F&#8220;][\/vc_column][vc_column width=&#8220;1\/2&#8243; css=&#8220;.vc_custom_1421564586388{padding-top: 30px !important;padding-bottom: 30px !important;}&#8220;][vc_single_image image=&#8220;23&#8243; img_size=&#8220;300&#215;300&#8243; alignment=&#8220;center&#8220; style=&#8220;vc_box_border_circle&#8220;][\/vc_column][\/vc_row][vc_row css=&#8220;.vc_custom_1425546795765{margin-top: 10px !important;margin-right: 10px !important;margin-bottom: 10px !important;margin-left: 10px !important;padding-top: 20px !important;padding-right: 20px !important;padding-bottom: 20px !important;padding-left: 20px !important;background-color: #fae2b2 !important;}&#8220;][vc_column width=&#8220;1\/2&#8243;][vc_column_text css=&#8220;.vc_custom_1720359428691{padding-bottom: 20px !important;}&#8220;]<\/p>\n<p><strong>Typ B &#8211; 3-Zi.-Wohnung<\/strong><\/p>\n<p>Persone: 4 + 2<\/p>\n<p><strong>R\u00e4ume<\/strong><\/p>\n<ul>\n<li>Wohnzimmer mit Kochecke<\/li>\n<li>Elternzimmer<\/li>\n<li>Kinderzimmer mit Etagenbett<\/li>\n<li>Bad<\/li>\n<li>Balkon<\/li>\n<\/ul>\n<p>[\/vc_column_text][vc_btn title=&#8220;Ferienwohnung Typ B (4+2)&#8220; color=&#8220;inverse&#8220; css=&#8220;&#8220; link=&#8220;url:https%3A%2F%2Fwww.casaorchidea.it%2Fde%2Fferienwohnungen-torri-del-benaco%2F4-personen-typ-b%2F&#8220;][\/vc_column][vc_column width=&#8220;1\/2&#8243;][vc_single_image image=&#8220;113&#8243; img_size=&#8220;300&#215;300&#8243; alignment=&#8220;center&#8220; style=&#8220;vc_box_border_circle&#8220; onclick=&#8220;custom_link&#8220; css=&#8220;.vc_custom_1425543302065{padding-top: 30px !important;padding-bottom: 30px !important;}&#8220; link=&#8220;https:\/\/www.casaorchidea.it\/de\/ferienwohnungen-torri-del-benaco\/4-personen-typ-b\/&#8220;][\/vc_column][\/vc_row]<\/p>\n<\/div>","protected":false},"excerpt":{"rendered":"<p>Casa Orchidea verf\u00fcgt \u00fcber 9 gut eingerichtete Ferienwohnungen die eine komfortable Unterkunft f\u00fcr kleine u. grosse Familien bieten, um einen sch\u00f6nen u. angenehmen Urlaub am Gardasee zu erleben.<\/p>\n","protected":false},"author":1,"featured_media":2415,"parent":0,"menu_order":0,"comment_status":"closed","ping_status":"closed","template":"","meta":{"ngg_post_thumbnail":0,"generate_page_header":"","footnotes":""},"class_list":["post-986","page","type-page","status-publish","has-post-thumbnail"],"_links":{"self":[{"href":"https:\/\/www.casaorchidea.it\/de\/wp-json\/wp\/v2\/pages\/986","targetHints":{"allow":["GET"]}}],"collection":[{"href":"https:\/\/www.casaorchidea.it\/de\/wp-json\/wp\/v2\/pages"}],"about":[{"href":"https:\/\/www.casaorchidea.it\/de\/wp-json\/wp\/v2\/types\/page"}],"author":[{"embeddable":true,"href":"https:\/\/www.casaorchidea.it\/de\/wp-json\/wp\/v2\/users\/1"}],"replies":[{"embeddable":true,"href":"https:\/\/www.casaorchidea.it\/de\/wp-json\/wp\/v2\/comments?post=986"}],"version-history":[{"count":6,"href":"https:\/\/www.casaorchidea.it\/de\/wp-json\/wp\/v2\/pages\/986\/revisions"}],"predecessor-version":[{"id":2922,"href":"https:\/\/www.casaorchidea.it\/de\/wp-json\/wp\/v2\/pages\/986\/revisions\/2922"}],"wp:featuredmedia":[{"embeddable":true,"href":"https:\/\/www.casaorchidea.it\/de\/wp-json\/wp\/v2\/media\/2415"}],"wp:attachment":[{"href":"https:\/\/www.casaorchidea.it\/de\/wp-json\/wp\/v2\/media?parent=986"}],"curies":[{"name":"wp","href":"https:\/\/api.w.org\/{rel}","templated":true}]}}